{"id":6243,"date":"2019-05-10T07:09:33","date_gmt":"2019-05-10T07:09:33","guid":{"rendered":"https:\/\/btnp.org\/?page_id=6243"},"modified":"2019-06-11T10:23:05","modified_gmt":"2019-06-11T10:23:05","slug":"strategie-per-sector","status":"publish","type":"page","link":"https:\/\/btnp.org\/nl\/over-btp\/strategie\/strategie-per-sector\/","title":{"rendered":"Strategie per sector"},"content":{"rendered":"<section class=\"wpb-content-wrapper\"><p>[vc_row gap=&#8221;15&#8243;][vc_column][vc_column_text el_class=&#8221;telecommunications_content&#8221;]De strategie die het BT&amp;P toepast op de diverse sectorgebonden werkvelden die zij reguleert is per werkveld verschillend.<\/p>\n<h2>Strategie Telecommunicatie<\/h2>\n<p>De strategie in de telecommunicatiesector is gebaseerd op het principe van \u201cmanaged competition\u201d. Dit houdt in een geliberaliseerde markt waarin stricte reguleringsvoorschriften van toepassing zijn om in de markt als volwaardige partij te kunnen deelnemen. Dit vertaalt zich naar een strategie gericht op:<\/p>\n<ul>\n<li>De beschikbaarheid van hoge kwalitatieve diensten in de Telecommunicatie en ICT<\/li>\n<li>Het bevorderen van de concurrentiepositie van aanbieders<\/li>\n<li>Het aantrekken van investeringen<\/li>\n<li>Het garanderen van een minimaal telecommunicatiedienstenpakket op basis van betaalbaarheid<\/li>\n<li>Toegankelijkheidsgarantie tot infrastructuren<\/li>\n<li>Het optimaliseren van en vooral effici\u00ebnt gebruiken van het frequentiespectrum<\/li>\n<\/ul>\n<p>[\/vc_column_text][vc_column_text el_class=&#8221;telecommunications_content&#8221;]<\/p>\n<h2>Strategie Post<\/h2>\n<p>De regulering door het BT&amp;P in de postsector is gericht op het stimuleren van effici\u00ebntie en marktori\u00ebntatie om de nadelen van de monopolistische postmarkt te vereffenen.<\/p>\n<p>Vanwege de monopolie is er onvoldoende concurrentie om deze nadelen op een natuurlijke manier te neutraliseren. Waar concurrentie wel mogelijk is wordt gestreefd naar marktwerking conform de kaders van de bestaande\u00a0<a href=\"https:\/\/btnp.org\/wp-content\/uploads\/2019\/03\/20160206_no_319_lvo_23-12-1997_postlandsverordening_1998.pdf\" target=\"_blank\" rel=\"noopener noreferrer\">Postlandsverordening 1998, (P.B. 1997, no. 319)<\/a>\u00a0en daarnaast door middel van aanpassingsvoorstellen hiervan. Dit vertaalt zich naar een strategie gericht op:<\/p>\n<ul>\n<li>Het garanderen van een minimum postaal dienstenpakket op basis van betaalbaarheid<\/li>\n<li>Het aansporen tot de ontplooiing van e-commerce activiteiten en pakkettenvervoer door aanbieders<\/li>\n<li>De ontwikkeling van Cura\u00e7ao als hub in de regio en deze functie verder te bevorderen<\/li>\n<\/ul>\n<p>[\/vc_column_text][vc_column_text el_class=&#8221;telecommunications_content&#8221;]<\/p>\n<h2>Strategie Elektriciteit<\/h2>\n<p>Door weinig concurrentie op de markt voor elektriciteit is er onvoldoende druk op de elektriciteitsprijzen. Het BT&amp;P past hier een strategie toe die gericht is op het stimuleren van marktori\u00ebntatie en marktontwikkeling, waarbij de volgende zaken een speerpunt vormen:<\/p>\n<ul>\n<li>Hogere effici\u00ebntie<\/li>\n<li>Het realiseren van meer besparingen door aanbieders<\/li>\n<li>Een marktgeori\u00ebnteerde bedrijfsvoering door aanbieders<\/li>\n<li>Een lager NRE niveau (non revenu electricity)<\/li>\n<li>Het garanderen van beschikbaarheid van elektriciteit<\/li>\n<li>Het stimuleren van onafhankelijkheid van fossiele brandstoffen (olie)<\/li>\n<li>Het stimuleren van duurzame energie door middel van opwekkingsvoorzieningen (wind- en zonne-energie) en elektriciteitsteruglevering door eindgebruikers<\/li>\n<\/ul>\n<p>[\/vc_column_text][vc_column_text el_class=&#8221;telecommunications_content&#8221;]<\/p>\n<h2>Strategie Brandstof<\/h2>\n<p>Net als bij de elektriciteitsmarkt is er weinig concurrentie op de markt voor brandstoffen waardoor er onvoldoende druk is op de brandstofprijzen. De strategie van het BT&amp;P is voor brandstoffen gericht op het simuleren van een concurrerende omgeving waardoor de marktontwikkeling een impuls krijgt. Een speerpunt hierin is het streven naar duurzaamheid in de transportsector en een garantie van beschikbaarheid van brandstoffen.[\/vc_column_text][vc_column_text el_class=&#8221;telecommunications_content&#8221;]<\/p>\n<h2>Strategie Bitumen<\/h2>\n<p>De regulering door het BT&amp;P voor wat betreft bitumen is erop gericht zoveel mogelijk te komen tot stabiele verkoopprijzen. Hierbij wordt gelijke tred gehouden met de ontwikkeling van de daadwerkelijke aankoopprijzen van de hoofdleverancier van bitumen waardoor hoog\u00a0oplopende tekorten voor de hoofdleverancier voorkomen kunnen worden en ingrijpende tariefswijzigingen om deze tekorten te dekken. Dit leidt tot meer prijsstabiliteit in de markt voor bitumen.[\/vc_column_text][vc_column_text el_class=&#8221;telecommunications_content&#8221;]<\/p>\n<h2>Strategie Water<\/h2>\n<p>Door weinig concurrentie in de sector Water is er onvoldoende druk op de prijzen, kwaliteit en effici\u00ebntie. De strategie van het BT&amp;P is erop gericht om middels regulering de effici\u00ebntie te vergroten, besparingen te realiseren en een marktge\u00f6rienteerde aanpak bij de aanbieders tot stand te brengen.[\/vc_column_text][vc_column_text el_class=&#8221;telecommunications_content&#8221;]<\/p>\n<h2>Strategie Luchthaventarieven<\/h2>\n<p>Tot luchthaventarieven worden gerekend: passagiersfaciliteiten-, landings- en parkeergelden.\u00a0De luchthavenmarkt opereert sterk monopolistisch. Het BT&amp;P hanteert hierbij een strategie die gericht is op effici\u00ebntie- en kostenge\u00f6rienteerde tariefbepaling met behoud van voldoende perspectief voor productvernieuwing en kwaliteitsverbetering. Vanwege het verband tussen kosten en kwaliteit betreft de BT&amp;P strategie voor regulering van de luchthaventarieven tevens de aangeboden kwaliteit door de luchthaven.[\/vc_column_text][\/vc_column][\/vc_row]<\/p>\n<\/section>","protected":false},"excerpt":{"rendered":"<p>[vc_row gap=&#8221;15&#8243;][vc_column][vc_column_text el_class=&#8221;telecommunications_content&#8221;]De strategie die het BT&amp;P toepast op de diverse sectorgebonden werkvelden die zij reguleert is per werkveld verschillend. Strategie Telecommunicatie De strategie in de telecommunicatiesector is gebaseerd op het principe van \u201cmanaged competition\u201d. Dit houdt in een geliberaliseerde markt waarin stricte reguleringsvoorschriften van toepassing zijn om in de markt als volwaardige partij te [&hellip;]<\/p>\n","protected":false},"author":1,"featured_media":0,"parent":6236,"menu_order":0,"comment_status":"closed","ping_status":"closed","template":"page-templates\/left-sidebar.php","meta":{"footnotes":""},"class_list":["post-6243","page","type-page","status-publish","hentry"],"acf":[],"_links":{"self":[{"href":"https:\/\/btnp.org\/nl\/wp-json\/wp\/v2\/pages\/6243","targetHints":{"allow":["GET"]}}],"collection":[{"href":"https:\/\/btnp.org\/nl\/wp-json\/wp\/v2\/pages"}],"about":[{"href":"https:\/\/btnp.org\/nl\/wp-json\/wp\/v2\/types\/page"}],"author":[{"embeddable":true,"href":"https:\/\/btnp.org\/nl\/wp-json\/wp\/v2\/users\/1"}],"replies":[{"embeddable":true,"href":"https:\/\/btnp.org\/nl\/wp-json\/wp\/v2\/comments?post=6243"}],"version-history":[{"count":6,"href":"https:\/\/btnp.org\/nl\/wp-json\/wp\/v2\/pages\/6243\/revisions"}],"predecessor-version":[{"id":10206,"href":"https:\/\/btnp.org\/nl\/wp-json\/wp\/v2\/pages\/6243\/revisions\/10206"}],"up":[{"embeddable":true,"href":"https:\/\/btnp.org\/nl\/wp-json\/wp\/v2\/pages\/6236"}],"wp:attachment":[{"href":"https:\/\/btnp.org\/nl\/wp-json\/wp\/v2\/media?parent=6243"}],"curies":[{"name":"wp","href":"https:\/\/api.w.org\/{rel}","templated":true}]}}